{"id":2,"date":"2016-09-15T14:47:08","date_gmt":"2016-09-15T20:47:08","guid":{"rendered":"http:\/\/malla-raschel.net\/?page_id=2"},"modified":"2018-08-22T16:47:52","modified_gmt":"2018-08-22T22:47:52","slug":"importancia-la-malla-raschel-sus-beneficios-en-los-cultivos","status":"publish","type":"page","link":"https:\/\/malla-raschel.net\/","title":{"rendered":"Importancia de la malla raschel y sus \u00a0beneficios en los cultivos"},"content":{"rendered":"<h2 style=\"text-align: center;\">Malla Raschel<\/h2>\n<figure id=\"attachment_12\" aria-describedby=\"caption-attachment-12\" style=\"width: 205px\" class=\"wp-caption aligncenter\"><img loading=\"lazy\" decoding=\"async\" class=\" wp-image-12\" src=\"http:\/\/malla-raschel.net\/wp-content\/uploads\/2016\/09\/Malla-Raschel-35-300x236.jpg\" alt=\"Malla agr\u00edcola.\" width=\"205\" height=\"161\" srcset=\"https:\/\/malla-raschel.net\/wp-content\/uploads\/2016\/09\/Malla-Raschel-35-300x236.jpg 300w, https:\/\/malla-raschel.net\/wp-content\/uploads\/2016\/09\/Malla-Raschel-35.jpg 417w\" sizes=\"auto, (max-width: 205px) 100vw, 205px\" \/><figcaption id=\"caption-attachment-12\" class=\"wp-caption-text\">Malla raschel al 35%<\/figcaption><\/figure>\n<p style=\"text-align: justify;\">Con malla raschel se logra clima \u00f3ptimo, sombra adecuada, protecci\u00f3n necesaria, son algunas de las ventajas que se obtienen al usar mallas en nuestros cultivos y huertos. \u00a1Toma nota!<\/p>\n<h3 style=\"text-align: center;\">\u00bfC\u00f3mo y para qu\u00e9 usar malla? \u00bfDe qu\u00e9 est\u00e1 hecha la malla raschel?<\/h3>\n<figure id=\"attachment_17\" aria-describedby=\"caption-attachment-17\" style=\"width: 209px\" class=\"wp-caption aligncenter\"><img loading=\"lazy\" decoding=\"async\" class=\" wp-image-17\" src=\"http:\/\/malla-raschel.net\/wp-content\/uploads\/2016\/09\/Malla-Raschel-50-300x215.jpg\" alt=\"Malla agricola\" width=\"209\" height=\"150\" srcset=\"https:\/\/malla-raschel.net\/wp-content\/uploads\/2016\/09\/Malla-Raschel-50-300x215.jpg 300w, https:\/\/malla-raschel.net\/wp-content\/uploads\/2016\/09\/Malla-Raschel-50.jpg 337w\" sizes=\"auto, (max-width: 209px) 100vw, 209px\" \/><figcaption id=\"caption-attachment-17\" class=\"wp-caption-text\">Malla raschel al 50%<\/figcaption><\/figure>\n<p style=\"text-align: justify;\">La malla raschel es un estilo que se produce de manera especial con polietileno de alta densidad. Las fibras de dicho material reciben un tratamiento \u00fanico para recibir rayos ultravioleta, por lo que nos asegura una planta mucho m\u00e1s protegida.<\/p>\n<h4 style=\"text-align: center;\">Las mallas raschel son muy \u00fatiles en los cultivos<\/h4>\n<figure id=\"attachment_14\" aria-describedby=\"caption-attachment-14\" style=\"width: 190px\" class=\"wp-caption alignleft\"><img loading=\"lazy\" decoding=\"async\" class=\" wp-image-14\" src=\"http:\/\/malla-raschel.net\/wp-content\/uploads\/2016\/09\/Malla-raschel-en-cultivo-de-flores.jpg\" alt=\"Malla raschel\" width=\"190\" height=\"200\" \/><figcaption id=\"caption-attachment-14\" class=\"wp-caption-text\">Malla raschel instalada para proteger el cultivo.<\/figcaption><\/figure>\n<p style=\"text-align: justify;\">Las mallas raschel ayudan a los cultivos, funcionando como cortavientos. Las plantaciones no reciben los efectos da\u00f1inos y secantes del viento. Tambi\u00e9n el uso de malla evita estragos naturales como la <strong><a title=\"Erosi\u00f3n\" href=\"https:\/\/es.wikipedia.org\/wiki\/Erosi%C3%B3n\">erosi\u00f3n<\/a><\/strong> de suelo, evaporaci\u00f3n de agua y sobrecalentamiento. Todo esto, contribuye a mejorar el microclima adecuado, as\u00ed como la actividad fotosint\u00e9tica y el balance del agua.<\/p>\n<p style=\"text-align: justify;\">Las mallas raschel \u00a0son un producto verdaderamente apreciado en la industria agr\u00edcola. Entre otras grandes ventajas ofrecen durabilidad del cultivo frente a los rayos ultravioleta, sombra uniforme sobre \u00e1rea cubierta y se recomienda ampliamente en la <strong><a title=\"Horticultura\" href=\"https:\/\/es.wikipedia.org\/wiki\/Horticultura\">horticultura<\/a><\/strong>, <b><a title=\"Fruticultura\" href=\"https:\/\/es.wikipedia.org\/wiki\/Fruticultura\">fruticultura<\/a><\/b>\u00a0as\u00ed como en la industria ganadera, la avicultura, los invernaderos de cualquier tama\u00f1o, agregando tambi\u00e9n el uso dom\u00e9stico; un ejemplo es la provocaci\u00f3n de sombra para construcci\u00f3n y espacios recreativos. Esta malla, podemos mencionar se utiliza para canchas deportivas y patios de colegios.<\/p>\n<h4 style=\"text-align: center;\">Recomendamos la malla raschel<\/h4>\n<figure id=\"attachment_15\" aria-describedby=\"caption-attachment-15\" style=\"width: 237px\" class=\"wp-caption alignright\"><img loading=\"lazy\" decoding=\"async\" class=\" wp-image-15\" src=\"http:\/\/malla-raschel.net\/wp-content\/uploads\/2016\/09\/Malla-Raschel-en-viveros-261x300.jpg\" alt=\"Malla raschel en vivero\" width=\"237\" height=\"272\" srcset=\"https:\/\/malla-raschel.net\/wp-content\/uploads\/2016\/09\/Malla-Raschel-en-viveros-261x300.jpg 261w, https:\/\/malla-raschel.net\/wp-content\/uploads\/2016\/09\/Malla-Raschel-en-viveros.jpg 335w\" sizes=\"auto, (max-width: 237px) 100vw, 237px\" \/><figcaption id=\"caption-attachment-15\" class=\"wp-caption-text\">Malla raschel utilizada para cubrir viveros.<\/figcaption><\/figure>\n<p style=\"text-align: justify;\">La malla raschel se recomienda ampliamente para la agricultura puesto que ofrece una sombra muy ligera, disminuye el paso de la luz y resulta sumamente \u00fatil para la protecci\u00f3n contra insectos, viento, lluvia, granizos y vientos severos.<\/p>\n<p style=\"text-align: justify;\">Las mallas tambi\u00e9n ayudan a retener la humedad, es importante analizar qu\u00e9 tipo de malla necesitan nuestros suelos o nuestros cultivos (o en su caso, nuestro huerto) ya que existen mallas mucho m\u00e1s especiales para atenuar los da\u00f1os; para muestra la malla<strong><a href=\"https:\/\/es.wikipedia.org\/wiki\/Aphidoidea\"> antifados<\/a> <\/strong>que protegen nuestros cultivos de plagas.<\/p>\n<p style=\"text-align: justify;\">Tambi\u00e9n se pueden utilizar las mallas para aminorar el impacto de los da\u00f1os clim\u00e1ticos, esto dentro de un contexto donde las estaciones han ido cambiando en detrimento de la organizaci\u00f3n de nuestros cultivos.<\/p>\n<figure id=\"attachment_16\" aria-describedby=\"caption-attachment-16\" style=\"width: 292px\" class=\"wp-caption alignleft\"><img loading=\"lazy\" decoding=\"async\" class=\" wp-image-16\" src=\"http:\/\/malla-raschel.net\/wp-content\/uploads\/2016\/09\/Malla-Raschel-en-cultivo-de-frutillas-300x287.jpg\" alt=\"Mallas para cultivos.\" width=\"292\" height=\"279\" srcset=\"https:\/\/malla-raschel.net\/wp-content\/uploads\/2016\/09\/Malla-Raschel-en-cultivo-de-frutillas-300x287.jpg 300w, https:\/\/malla-raschel.net\/wp-content\/uploads\/2016\/09\/Malla-Raschel-en-cultivo-de-frutillas.jpg 423w\" sizes=\"auto, (max-width: 292px) 100vw, 292px\" \/><figcaption id=\"caption-attachment-16\" class=\"wp-caption-text\">Cultivo de frutillas protegido con malla raschel.<\/figcaption><\/figure>\n<p style=\"text-align: justify;\">Esta malla genera un cierto porcentaje\u00a0de sombra y otro porcentaje\u00a0de luz; esto depender\u00e1 del tipo de cultivo que vamos a proteger. Se utiliza sobre todo para las variables del clima en cultivos protegidos, igualmente regula la temperatura ambiente en casas habitaci\u00f3n, canchas y exteriores, protege \u00e1reas expuestas al sol de manera importante.<\/p>\n<p>La malla evita los cambios bruscos de ambiente y temperatura \u00a0refleja los rayos UV y disminuye los efectos en instalaciones protegidas. Esta malla auxilia al agricultor a reducir el estr\u00e9s de las plantas y es de muy f\u00e1cil instalaci\u00f3n.<\/p>\n<p>Es importante se\u00f1alar que la funci\u00f3n principal de las malla raschel es la <strong><a href=\"https:\/\/es.wikipedia.org\/wiki\/Climatizaci%C3%B3n\">climatizaci\u00f3n<\/a><\/strong> y protecci\u00f3n de los cultivos. Esto es en todos los sentidos, incluyendo flora nociva y fauna indeseable.<\/p>\n<p>&nbsp;<\/p>\n<p>M.O.S.<\/p>\n<p><img loading=\"lazy\" decoding=\"async\" class=\" wp-image-71 aligncenter\" src=\"https:\/\/malla-raschel.net\/wp-content\/uploads\/2018\/08\/obamalla-esp-01-300x214.jpg\" alt=\"\" width=\"391\" height=\"279\" srcset=\"https:\/\/malla-raschel.net\/wp-content\/uploads\/2018\/08\/obamalla-esp-01-300x214.jpg 300w, https:\/\/malla-raschel.net\/wp-content\/uploads\/2018\/08\/obamalla-esp-01.jpg 700w\" sizes=\"auto, (max-width: 391px) 100vw, 391px\" \/><\/p>\n","protected":false},"excerpt":{"rendered":"<p>Malla Raschel Con malla raschel se logra clima \u00f3ptimo, sombra adecuada, protecci\u00f3n necesaria, son algunas de las ventajas que se obtienen al usar mallas en nuestros cultivos y huertos. \u00a1Toma nota! \u00bfC\u00f3mo y para qu\u00e9 usar malla? \u00bfDe qu\u00e9 est\u00e1 hecha la malla raschel? La malla raschel es un estilo que se produce de manera<\/p>\n<div class=\"more-link\">\n\t\t\t\t <a href=\"https:\/\/malla-raschel.net\/\" class=\"btn theme-btn inverted\"><span>Leer m\u00e1s <\/span><\/a>\n\t\t\t<\/div>\n","protected":false},"author":1,"featured_media":0,"parent":0,"menu_order":0,"comment_status":"closed","ping_status":"open","template":"","meta":{"footnotes":""},"class_list":["post-2","page","type-page","status-publish","hentry"],"yoast_head":"<!-- This site is optimized with the Yoast SEO plugin v26.2 - https:\/\/yoast.com\/wordpress\/plugins\/seo\/ -->\n<title>Importancia de la malla raschel y sus \u00a0beneficios en los cultivos<\/title>\n<meta name=\"description\" content=\"La malla raschel logra clima \u00f3ptimo, sombra adecuada y protecci\u00f3n necesaria, son algunas ventajas obtenidas al usar mallas en nuestros cultivos y huertos.\" \/>\n<meta name=\"robots\" content=\"index, follow, max-snippet:-1, max-image-preview:large, max-video-preview:-1\" \/>\n<link rel=\"canonical\" href=\"https:\/\/malla-raschel.net\/\" \/>\n<meta property=\"og:locale\" content=\"es_MX\" \/>\n<meta property=\"og:type\" content=\"article\" \/>\n<meta property=\"og:title\" content=\"Importancia de la malla raschel y sus \u00a0beneficios en los cultivos\" \/>\n<meta property=\"og:description\" content=\"La malla raschel logra clima \u00f3ptimo, sombra adecuada y protecci\u00f3n necesaria, son algunas ventajas obtenidas al usar mallas en nuestros cultivos y huertos.\" \/>\n<meta property=\"og:url\" content=\"https:\/\/malla-raschel.net\/\" \/>\n<meta property=\"og:site_name\" content=\"Malla Raschel\" \/>\n<meta property=\"article:modified_time\" content=\"2018-08-22T22:47:52+00:00\" \/>\n<meta property=\"og:image\" content=\"http:\/\/malla-raschel.net\/wp-content\/uploads\/2016\/09\/Malla-Raschel-35-300x236.jpg\" \/>\n<meta name=\"twitter:card\" content=\"summary_large_image\" \/>\n<meta name=\"twitter:label1\" content=\"Tiempo de lectura\" \/>\n\t<meta name=\"twitter:data1\" content=\"3 minutos\" \/>\n<script type=\"application\/ld+json\" class=\"yoast-schema-graph\">{\"@context\":\"https:\/\/schema.org\",\"@graph\":[{\"@type\":\"WebPage\",\"@id\":\"https:\/\/malla-raschel.net\/\",\"url\":\"https:\/\/malla-raschel.net\/\",\"name\":\"Importancia de la malla raschel y sus \u00a0beneficios en los cultivos\",\"isPartOf\":{\"@id\":\"https:\/\/malla-raschel.net\/#website\"},\"primaryImageOfPage\":{\"@id\":\"https:\/\/malla-raschel.net\/#primaryimage\"},\"image\":{\"@id\":\"https:\/\/malla-raschel.net\/#primaryimage\"},\"thumbnailUrl\":\"http:\/\/malla-raschel.net\/wp-content\/uploads\/2016\/09\/Malla-Raschel-35-300x236.jpg\",\"datePublished\":\"2016-09-15T20:47:08+00:00\",\"dateModified\":\"2018-08-22T22:47:52+00:00\",\"description\":\"La malla raschel logra clima \u00f3ptimo, sombra adecuada y protecci\u00f3n necesaria, son algunas ventajas obtenidas al usar mallas en nuestros cultivos y huertos.\",\"breadcrumb\":{\"@id\":\"https:\/\/malla-raschel.net\/#breadcrumb\"},\"inLanguage\":\"es\",\"potentialAction\":[{\"@type\":\"ReadAction\",\"target\":[\"https:\/\/malla-raschel.net\/\"]}]},{\"@type\":\"ImageObject\",\"inLanguage\":\"es\",\"@id\":\"https:\/\/malla-raschel.net\/#primaryimage\",\"url\":\"http:\/\/malla-raschel.net\/wp-content\/uploads\/2016\/09\/Malla-Raschel-35-300x236.jpg\",\"contentUrl\":\"http:\/\/malla-raschel.net\/wp-content\/uploads\/2016\/09\/Malla-Raschel-35-300x236.jpg\"},{\"@type\":\"BreadcrumbList\",\"@id\":\"https:\/\/malla-raschel.net\/#breadcrumb\",\"itemListElement\":[{\"@type\":\"ListItem\",\"position\":1,\"name\":\"Inicio\",\"item\":\"https:\/\/malla-raschel.net\/\"},{\"@type\":\"ListItem\",\"position\":2,\"name\":\"Importancia de la malla raschel y sus \u00a0beneficios en los cultivos\"}]},{\"@type\":\"WebSite\",\"@id\":\"https:\/\/malla-raschel.net\/#website\",\"url\":\"https:\/\/malla-raschel.net\/\",\"name\":\"Malla Raschel\",\"description\":\"Protecci\u00f3n Adecuada de Cultivos\",\"publisher\":{\"@id\":\"https:\/\/malla-raschel.net\/#organization\"},\"potentialAction\":[{\"@type\":\"SearchAction\",\"target\":{\"@type\":\"EntryPoint\",\"urlTemplate\":\"https:\/\/malla-raschel.net\/?s={search_term_string}\"},\"query-input\":{\"@type\":\"PropertyValueSpecification\",\"valueRequired\":true,\"valueName\":\"search_term_string\"}}],\"inLanguage\":\"es\"},{\"@type\":\"Organization\",\"@id\":\"https:\/\/malla-raschel.net\/#organization\",\"name\":\"Malla Raschel\",\"url\":\"https:\/\/malla-raschel.net\/\",\"logo\":{\"@type\":\"ImageObject\",\"inLanguage\":\"es\",\"@id\":\"https:\/\/malla-raschel.net\/#\/schema\/logo\/image\/\",\"url\":\"https:\/\/malla-raschel.net\/wp-content\/uploads\/2023\/04\/cropped-OBAMALLA-fondo-negro.png\",\"contentUrl\":\"https:\/\/malla-raschel.net\/wp-content\/uploads\/2023\/04\/cropped-OBAMALLA-fondo-negro.png\",\"width\":630,\"height\":280,\"caption\":\"Malla Raschel\"},\"image\":{\"@id\":\"https:\/\/malla-raschel.net\/#\/schema\/logo\/image\/\"}}]}<\/script>\n<!-- \/ Yoast SEO plugin. -->","yoast_head_json":{"title":"Importancia de la malla raschel y sus \u00a0beneficios en los cultivos","description":"La malla raschel logra clima \u00f3ptimo, sombra adecuada y protecci\u00f3n necesaria, son algunas ventajas obtenidas al usar mallas en nuestros cultivos y huertos.","robots":{"index":"index","follow":"follow","max-snippet":"max-snippet:-1","max-image-preview":"max-image-preview:large","max-video-preview":"max-video-preview:-1"},"canonical":"https:\/\/malla-raschel.net\/","og_locale":"es_MX","og_type":"article","og_title":"Importancia de la malla raschel y sus \u00a0beneficios en los cultivos","og_description":"La malla raschel logra clima \u00f3ptimo, sombra adecuada y protecci\u00f3n necesaria, son algunas ventajas obtenidas al usar mallas en nuestros cultivos y huertos.","og_url":"https:\/\/malla-raschel.net\/","og_site_name":"Malla Raschel","article_modified_time":"2018-08-22T22:47:52+00:00","og_image":[{"url":"http:\/\/malla-raschel.net\/wp-content\/uploads\/2016\/09\/Malla-Raschel-35-300x236.jpg","type":"","width":"","height":""}],"twitter_card":"summary_large_image","twitter_misc":{"Tiempo de lectura":"3 minutos"},"schema":{"@context":"https:\/\/schema.org","@graph":[{"@type":"WebPage","@id":"https:\/\/malla-raschel.net\/","url":"https:\/\/malla-raschel.net\/","name":"Importancia de la malla raschel y sus \u00a0beneficios en los cultivos","isPartOf":{"@id":"https:\/\/malla-raschel.net\/#website"},"primaryImageOfPage":{"@id":"https:\/\/malla-raschel.net\/#primaryimage"},"image":{"@id":"https:\/\/malla-raschel.net\/#primaryimage"},"thumbnailUrl":"http:\/\/malla-raschel.net\/wp-content\/uploads\/2016\/09\/Malla-Raschel-35-300x236.jpg","datePublished":"2016-09-15T20:47:08+00:00","dateModified":"2018-08-22T22:47:52+00:00","description":"La malla raschel logra clima \u00f3ptimo, sombra adecuada y protecci\u00f3n necesaria, son algunas ventajas obtenidas al usar mallas en nuestros cultivos y huertos.","breadcrumb":{"@id":"https:\/\/malla-raschel.net\/#breadcrumb"},"inLanguage":"es","potentialAction":[{"@type":"ReadAction","target":["https:\/\/malla-raschel.net\/"]}]},{"@type":"ImageObject","inLanguage":"es","@id":"https:\/\/malla-raschel.net\/#primaryimage","url":"http:\/\/malla-raschel.net\/wp-content\/uploads\/2016\/09\/Malla-Raschel-35-300x236.jpg","contentUrl":"http:\/\/malla-raschel.net\/wp-content\/uploads\/2016\/09\/Malla-Raschel-35-300x236.jpg"},{"@type":"BreadcrumbList","@id":"https:\/\/malla-raschel.net\/#breadcrumb","itemListElement":[{"@type":"ListItem","position":1,"name":"Inicio","item":"https:\/\/malla-raschel.net\/"},{"@type":"ListItem","position":2,"name":"Importancia de la malla raschel y sus \u00a0beneficios en los cultivos"}]},{"@type":"WebSite","@id":"https:\/\/malla-raschel.net\/#website","url":"https:\/\/malla-raschel.net\/","name":"Malla Raschel","description":"Protecci\u00f3n Adecuada de Cultivos","publisher":{"@id":"https:\/\/malla-raschel.net\/#organization"},"potentialAction":[{"@type":"SearchAction","target":{"@type":"EntryPoint","urlTemplate":"https:\/\/malla-raschel.net\/?s={search_term_string}"},"query-input":{"@type":"PropertyValueSpecification","valueRequired":true,"valueName":"search_term_string"}}],"inLanguage":"es"},{"@type":"Organization","@id":"https:\/\/malla-raschel.net\/#organization","name":"Malla Raschel","url":"https:\/\/malla-raschel.net\/","logo":{"@type":"ImageObject","inLanguage":"es","@id":"https:\/\/malla-raschel.net\/#\/schema\/logo\/image\/","url":"https:\/\/malla-raschel.net\/wp-content\/uploads\/2023\/04\/cropped-OBAMALLA-fondo-negro.png","contentUrl":"https:\/\/malla-raschel.net\/wp-content\/uploads\/2023\/04\/cropped-OBAMALLA-fondo-negro.png","width":630,"height":280,"caption":"Malla Raschel"},"image":{"@id":"https:\/\/malla-raschel.net\/#\/schema\/logo\/image\/"}}]}},"_links":{"self":[{"href":"https:\/\/malla-raschel.net\/index.php\/wp-json\/wp\/v2\/pages\/2","targetHints":{"allow":["GET"]}}],"collection":[{"href":"https:\/\/malla-raschel.net\/index.php\/wp-json\/wp\/v2\/pages"}],"about":[{"href":"https:\/\/malla-raschel.net\/index.php\/wp-json\/wp\/v2\/types\/page"}],"author":[{"embeddable":true,"href":"https:\/\/malla-raschel.net\/index.php\/wp-json\/wp\/v2\/users\/1"}],"replies":[{"embeddable":true,"href":"https:\/\/malla-raschel.net\/index.php\/wp-json\/wp\/v2\/comments?post=2"}],"version-history":[{"count":13,"href":"https:\/\/malla-raschel.net\/index.php\/wp-json\/wp\/v2\/pages\/2\/revisions"}],"predecessor-version":[{"id":73,"href":"https:\/\/malla-raschel.net\/index.php\/wp-json\/wp\/v2\/pages\/2\/revisions\/73"}],"wp:attachment":[{"href":"https:\/\/malla-raschel.net\/index.php\/wp-json\/wp\/v2\/media?parent=2"}],"curies":[{"name":"wp","href":"https:\/\/api.w.org\/{rel}","templated":true}]}}